{"id":46,"date":"2024-08-18T11:42:33","date_gmt":"2024-08-18T11:42:33","guid":{"rendered":"http:\/\/35.177.168.175\/?page_id=46"},"modified":"2025-02-21T15:57:32","modified_gmt":"2025-02-21T12:57:32","slug":"frequently-asked-questions","status":"publish","type":"page","link":"https:\/\/www.anzacday.tours\/en-au\/frequently-asked-questions\/","title":{"rendered":"FAQs"},"content":{"rendered":"<div  class='flex_column av-av_one_full-2d22dc0500e159f2b39fe7a147caf14c av_one_full  avia-builder-el-0  el_before_av_one_full  avia-builder-el-first  first flex_column_div  '     ><p>\n<style type=\"text\/css\" data-created_by=\"avia_inline_auto\" id=\"style-css-av-m03hgkpz-f502a79bf794db91e99da6636f4d59e4\">\n#top .av-special-heading.av-m03hgkpz-f502a79bf794db91e99da6636f4d59e4{\npadding-bottom:10px;\n}\nbody .av-special-heading.av-m03hgkpz-f502a79bf794db91e99da6636f4d59e4 .av-special-heading-tag .heading-char{\nfont-size:25px;\n}\n.av-special-heading.av-m03hgkpz-f502a79bf794db91e99da6636f4d59e4 .av-subheading{\nfont-size:15px;\n}\n<\/style>\n<div  class='av-special-heading av-m03hgkpz-f502a79bf794db91e99da6636f4d59e4 av-special-heading-h2 blockquote modern-quote  avia-builder-el-1  el_before_av_textblock  avia-builder-el-first '><h2 class='av-special-heading-tag '  itemprop=\"headline\"  >Frequently Asked Questions<\/h2><div class=\"special-heading-border\"><div class=\"special-heading-inner-border\"><\/div><\/div><\/div><br \/>\n<section  class='av_textblock_section av-m03hgw8g-ab3b16b7dc015487d5fa34d2f2a795b1 '   itemscope=\"itemscope\" itemtype=\"https:\/\/schema.org\/CreativeWork\" ><div class='avia_textblock'  itemprop=\"text\" ><p>Please check our Frequently asked questions for answers to your queries. If this doesn\u2019t help, feel free to email us.<\/p>\n<\/div><\/section><\/p><\/div><div  class='flex_column av-av_one_full-2d22dc0500e159f2b39fe7a147caf14c av_one_full  avia-builder-el-3  el_after_av_one_full  avia-builder-el-last  first flex_column_div  column-top-margin'     ><div  class='togglecontainer av-m03hpg6d-b2f1bd87c2dc01aa1ea517216529669b  avia-builder-el-4  avia-builder-el-no-sibling '  itemscope=\"itemscope\" itemtype=\"https:\/\/schema.org\/FAQPage\" >\n<section class='av_toggle_section av-m03hjo9u-3755326bfa77d351c04815a7af4eca65'  itemscope=\"itemscope\" itemprop=\"mainEntity\" itemtype=\"https:\/\/schema.org\/Question\" ><div role=\"tablist\" class=\"single_toggle\" data-tags=\"{All} \"  ><p id='toggle-toggle-id-1' data-fake-id='#toggle-id-1' class='toggler  activeTitle av-title-above '  itemprop=\"name\"  role='tab' tabindex='0' aria-controls='toggle-id-1' data-slide-speed=\"200\" data-title=\"Do you provide airport transfers in Istanbul?\" data-title-open=\"\">Do you provide airport transfers in Istanbul?<span class=\"toggle_icon\"><span class=\"vert_icon\"><\/span><span class=\"hor_icon\"><\/span><\/span><\/p><div id='toggle-id-1' aria-labelledby='toggle-toggle-id-1' role='region' class='toggle_wrap  active_tc av-title-above' style='display:block;'  itemscope=\"itemscope\" itemprop=\"acceptedAnswer\" itemtype=\"https:\/\/schema.org\/Answer\" ><div class='toggle_content invers-color '  itemprop=\"text\" ><p>Arrival and departure transfers are available on request from the Atat\u00fcrk International Airport, as well as the Sabiha G\u00f6k\u00e7en International Airport. Please contact us with your arrival and departure times and we will get back to you with a quote.<\/p>\n<\/div><\/div><\/div><\/section>\n<section class='av_toggle_section av-m03hiz79-b4e2dfb5b4df779d4f551a1ef680532c'  itemscope=\"itemscope\" itemprop=\"mainEntity\" itemtype=\"https:\/\/schema.org\/Question\" ><div role=\"tablist\" class=\"single_toggle\" data-tags=\"{All} \"  ><p id='toggle-toggle-id-2' data-fake-id='#toggle-id-2' class='toggler  av-title-above '  itemprop=\"name\"  role='tab' tabindex='0' aria-controls='toggle-id-2' data-slide-speed=\"200\" data-title=\"Do I need a visa to enter Turkey?\" data-title-open=\"\">Do I need a visa to enter Turkey?<span class=\"toggle_icon\"><span class=\"vert_icon\"><\/span><span class=\"hor_icon\"><\/span><\/span><\/p><div id='toggle-id-2' aria-labelledby='toggle-toggle-id-2' role='region' class='toggle_wrap  av-title-above'   itemscope=\"itemscope\" itemprop=\"acceptedAnswer\" itemtype=\"https:\/\/schema.org\/Answer\" ><div class='toggle_content invers-color '  itemprop=\"text\" ><p>Depending on your nationality, you may be able to purchase a visa on arrival at any Turkish airport, provided your passport is valid for the length of your stay. You may be asked to show onward travel documents and sufficient funds for your stay.<\/p>\n<p>New Zealand passport holders can stay for up to three months without a visa while Australian passport holders can purchase a three-month visa on arrival. These requirements are liable to change, so always check the current visa situation and costs prior to travel.<\/p>\n<\/div><\/div><\/div><\/section>\n<section class='av_toggle_section av-m03hkrka-86694fd3062b93f66647a8d71668c527'  itemscope=\"itemscope\" itemprop=\"mainEntity\" itemtype=\"https:\/\/schema.org\/Question\" ><div role=\"tablist\" class=\"single_toggle\" data-tags=\"{All} \"  ><p id='toggle-toggle-id-3' data-fake-id='#toggle-id-3' class='toggler  av-title-above '  itemprop=\"name\"  role='tab' tabindex='0' aria-controls='toggle-id-3' data-slide-speed=\"200\" data-title=\"What should I expect at the Dawn Service?\" data-title-open=\"\">What should I expect at the Dawn Service?<span class=\"toggle_icon\"><span class=\"vert_icon\"><\/span><span class=\"hor_icon\"><\/span><\/span><\/p><div id='toggle-id-3' aria-labelledby='toggle-toggle-id-3' role='region' class='toggle_wrap  av-title-above'   itemscope=\"itemscope\" itemprop=\"acceptedAnswer\" itemtype=\"https:\/\/schema.org\/Answer\" ><div class='toggle_content invers-color '  itemprop=\"text\" ><p>The Dawn Service at the Anzac Commemorative Site is normally attended by around 10,000 people, with stadium seating and areas to relax and lie down in the lead up to the service. Portable toilet facilities are provided and there are snack food stalls where you can purchase kebabs, sandwiches, water and soft drinks. Keep in mind that no alcohol is permitted within the area and there is security screening on entry.<\/p>\n<p>We will normally arrive at the Anzac Commemorative Site around 10 pm and settle in as we wait for the Dawn Service to commence. Temperatures can get very chilly and there is no indoor enclosure, so remember to bring warm clothing, sleeping bags and\/or blankets. Once the sun rises, it can become very hot during the day, so bring layers that you can strip off for the mid-morning services at Lone Pine and Chunuk Bair.<\/p>\n<\/div><\/div><\/div><\/section>\n<section class='av_toggle_section av-m03hlz6b-fe3b9954557989c7295f09be2b73545e'  itemscope=\"itemscope\" itemprop=\"mainEntity\" itemtype=\"https:\/\/schema.org\/Question\" ><div role=\"tablist\" class=\"single_toggle\" data-tags=\"{All} \"  ><p id='toggle-toggle-id-4' data-fake-id='#toggle-id-4' class='toggler  av-title-above '  itemprop=\"name\"  role='tab' tabindex='0' aria-controls='toggle-id-4' data-slide-speed=\"200\" data-title=\"What happens after the Dawn Service at Anzac Cove?\" data-title-open=\"\">What happens after the Dawn Service at Anzac Cove?<span class=\"toggle_icon\"><span class=\"vert_icon\"><\/span><span class=\"hor_icon\"><\/span><\/span><\/p><div id='toggle-id-4' aria-labelledby='toggle-toggle-id-4' role='region' class='toggle_wrap  av-title-above'   itemscope=\"itemscope\" itemprop=\"acceptedAnswer\" itemtype=\"https:\/\/schema.org\/Answer\" ><div class='toggle_content invers-color '  itemprop=\"text\" ><p>If you want to attend the Australian National Service at Lone Pine, you will need to walk from Anzac Cove (around 1.5 hours) once the Dawn Service is complete. The walk from Lone Pine to where the Turkish National Service takes place is around 40 minutes and the same again to the New Zealand National Service at Chunuk Bair. It is not possible to attend all three, so decide beforehand which ones you would like to attend. The timings change slightly each year but are approximately as follows:<\/p>\n<p>10:30 Australian National Service<br \/>\n11.45 Turkish National Service<br \/>\n13:00 New Zealand National Service<\/p>\n<\/div><\/div><\/div><\/section>\n<section class='av_toggle_section av-m03hmmn9-8c64f5981ebbc7be5f01b92cfcfb4ecf'  itemscope=\"itemscope\" itemprop=\"mainEntity\" itemtype=\"https:\/\/schema.org\/Question\" ><div role=\"tablist\" class=\"single_toggle\" data-tags=\"{All} \"  ><p id='toggle-toggle-id-5' data-fake-id='#toggle-id-5' class='toggler  av-title-above '  itemprop=\"name\"  role='tab' tabindex='0' aria-controls='toggle-id-5' data-slide-speed=\"200\" data-title=\"How can I access the services if I have limited mobility?\" data-title-open=\"\">How can I access the services if I have limited mobility?<span class=\"toggle_icon\"><span class=\"vert_icon\"><\/span><span class=\"hor_icon\"><\/span><\/span><\/p><div id='toggle-id-5' aria-labelledby='toggle-toggle-id-5' role='region' class='toggle_wrap  av-title-above'   itemscope=\"itemscope\" itemprop=\"acceptedAnswer\" itemtype=\"https:\/\/schema.org\/Answer\" ><div class='toggle_content invers-color '  itemprop=\"text\" ><p>Guests with limited mobility should contact us in advance so we can make necessary arrangements for you to attend the ceremonies. The Department of Veterans Affairs may provide mobility assistance but this must be registered and booked in advance.<\/p>\n<\/div><\/div><\/div><\/section>\n<section class='av_toggle_section av-m03hnbey-047e6deccbce1629ba61682a17d2e951'  itemscope=\"itemscope\" itemprop=\"mainEntity\" itemtype=\"https:\/\/schema.org\/Question\" ><div role=\"tablist\" class=\"single_toggle\" data-tags=\"{All} \"  ><p id='toggle-toggle-id-6' data-fake-id='#toggle-id-6' class='toggler  av-title-above '  itemprop=\"name\"  role='tab' tabindex='0' aria-controls='toggle-id-6' data-slide-speed=\"200\" data-title=\"What happens after the ceremonies have finished?\" data-title-open=\"\">What happens after the ceremonies have finished?<span class=\"toggle_icon\"><span class=\"vert_icon\"><\/span><span class=\"hor_icon\"><\/span><\/span><\/p><div id='toggle-id-6' aria-labelledby='toggle-toggle-id-6' role='region' class='toggle_wrap  av-title-above'   itemscope=\"itemscope\" itemprop=\"acceptedAnswer\" itemtype=\"https:\/\/schema.org\/Answer\" ><div class='toggle_content invers-color '  itemprop=\"text\" ><p>Due to the number of people attending the Dawn Service and the ceremonies on the Gallipoli Peninsula, transport is heavily controlled and we aim to leave the site around 3:30 pm. After diplomats and government officials have departed the area, they will allow the tour buses in to pick up guests, firstly from Lone Pine where the Australian Service takes place and then at Chunuk Bair where the New Zealand Service is held.<\/p>\n<p>Please be aware that the buses are only allowed to enter once all of the services are complete (and can only make the circuit once), so ensure you are at the designated meeting points at the times stated. We will have staff on hand at both meeting points to assist you.<\/p>\n<\/div><\/div><\/div><\/section>\n<section class='av_toggle_section av-m03hns81-6850d9b5eab7fadaa0d9e4e54ff8ec84'  itemscope=\"itemscope\" itemprop=\"mainEntity\" itemtype=\"https:\/\/schema.org\/Question\" ><div role=\"tablist\" class=\"single_toggle\" data-tags=\"{All} \"  ><p id='toggle-toggle-id-7' data-fake-id='#toggle-id-7' class='toggler  av-title-above '  itemprop=\"name\"  role='tab' tabindex='0' aria-controls='toggle-id-7' data-slide-speed=\"200\" data-title=\"Can I add extra nights of accommodation?\" data-title-open=\"\">Can I add extra nights of accommodation?<span class=\"toggle_icon\"><span class=\"vert_icon\"><\/span><span class=\"hor_icon\"><\/span><\/span><\/p><div id='toggle-id-7' aria-labelledby='toggle-toggle-id-7' role='region' class='toggle_wrap  av-title-above'   itemscope=\"itemscope\" itemprop=\"acceptedAnswer\" itemtype=\"https:\/\/schema.org\/Answer\" ><div class='toggle_content invers-color '  itemprop=\"text\" ><p>Yes, we are happy to organise additional nights at any of our hotels before or after your tour. Please get in touch when making your booking to arrange this.<\/p>\n<\/div><\/div><\/div><\/section>\n<section class='av_toggle_section av-m03ho6g6-b57daed190403247e91b7d4c0c5b7877'  itemscope=\"itemscope\" itemprop=\"mainEntity\" itemtype=\"https:\/\/schema.org\/Question\" ><div role=\"tablist\" class=\"single_toggle\" data-tags=\"{All} \"  ><p id='toggle-toggle-id-8' data-fake-id='#toggle-id-8' class='toggler  av-title-above '  itemprop=\"name\"  role='tab' tabindex='0' aria-controls='toggle-id-8' data-slide-speed=\"200\" data-title=\"What should I bring to the Dawn Service?\" data-title-open=\"\">What should I bring to the Dawn Service?<span class=\"toggle_icon\"><span class=\"vert_icon\"><\/span><span class=\"hor_icon\"><\/span><\/span><\/p><div id='toggle-id-8' aria-labelledby='toggle-toggle-id-8' role='region' class='toggle_wrap  av-title-above'   itemscope=\"itemscope\" itemprop=\"acceptedAnswer\" itemtype=\"https:\/\/schema.org\/Answer\" ><div class='toggle_content invers-color '  itemprop=\"text\" ><p>Because the Dawn Service takes place in the early hours of Anzac Day and you will be sleeping out at the site, we recommend you bring warm, waterproof and wind-proof clothing, as well as scarves, beanies and gloves. A warm sleeping bag or blankets are also highly recommended.<\/p>\n<p>The midday sun can be strong, so a wide-brimmed hat and sunscreen for the services at Lone Pine and Chunuk Bair are essential. You\u2019ll be able to purchase hot food, drinks and blankets within the Anzac Commemorative Area, although alcohol is strictly prohibited. We will provide a breakfast box for the morning of the Dawn Service.<\/p>\n<\/div><\/div><\/div><\/section>\n<section class='av_toggle_section av-m03holxo-2f16e1382ef3a9e495b313941f58f10d'  itemscope=\"itemscope\" itemprop=\"mainEntity\" itemtype=\"https:\/\/schema.org\/Question\" ><div role=\"tablist\" class=\"single_toggle\" data-tags=\"{All} \"  ><p id='toggle-toggle-id-9' data-fake-id='#toggle-id-9' class='toggler  av-title-above '  itemprop=\"name\"  role='tab' tabindex='0' aria-controls='toggle-id-9' data-slide-speed=\"200\" data-title=\"How long should I visit Turkey for?\" data-title-open=\"\">How long should I visit Turkey for?<span class=\"toggle_icon\"><span class=\"vert_icon\"><\/span><span class=\"hor_icon\"><\/span><\/span><\/p><div id='toggle-id-9' aria-labelledby='toggle-toggle-id-9' role='region' class='toggle_wrap  av-title-above'   itemscope=\"itemscope\" itemprop=\"acceptedAnswer\" itemtype=\"https:\/\/schema.org\/Answer\" ><div class='toggle_content invers-color '  itemprop=\"text\" ><p>While the Anzac Day Dawn Service may be the main reason for your visit, Turkey is a spectacular country to explore and a couple of weeks is recommended to cover its main highlights. Whether you want to tour the ancient cities, relax aboard a Blue Cruise along the Turkish Riviera or delve into the bazaars of Istanbul, we offer a range of itineraries and experiences. Check out our 6, 8, 11 and 16-day Anzac Day itineraries that include visits to the mesmerising landscapes of Cappadocia and Pamukkale, the legendary city of Troy and gulet cruises along the idyllic Turquoise Coast.<\/p>\n<\/div><\/div><\/div><\/section>\n<section class='av_toggle_section av-m03hozql-51045b9d9eee39ddde9f1899ca00e312'  itemscope=\"itemscope\" itemprop=\"mainEntity\" itemtype=\"https:\/\/schema.org\/Question\" ><div role=\"tablist\" class=\"single_toggle\" data-tags=\"{All} \"  ><p id='toggle-toggle-id-10' data-fake-id='#toggle-id-10' class='toggler  av-title-above '  itemprop=\"name\"  role='tab' tabindex='0' aria-controls='toggle-id-10' data-slide-speed=\"200\" data-title=\"When is final payment due?\" data-title-open=\"\">When is final payment due?<span class=\"toggle_icon\"><span class=\"vert_icon\"><\/span><span class=\"hor_icon\"><\/span><\/span><\/p><div id='toggle-id-10' aria-labelledby='toggle-toggle-id-10' role='region' class='toggle_wrap  av-title-above'   itemscope=\"itemscope\" itemprop=\"acceptedAnswer\" itemtype=\"https:\/\/schema.org\/Answer\" ><div class='toggle_content invers-color '  itemprop=\"text\" ><p>Final payments for all tours are due six weeks in advance or you can opt to pay the full balance at the time of booking. Reservations made within six weeks of the tour date require full payment at the time of booking.<\/p>\n<\/div><\/div><\/div><\/section>\n<section class='av_toggle_section av-m03hpe5i-8dc0b61287e91c75253524cae8837b07'  itemscope=\"itemscope\" itemprop=\"mainEntity\" itemtype=\"https:\/\/schema.org\/Question\" ><div role=\"tablist\" class=\"single_toggle\" data-tags=\"{All} \"  ><p id='toggle-toggle-id-11' data-fake-id='#toggle-id-11' class='toggler  av-title-above '  itemprop=\"name\"  role='tab' tabindex='0' aria-controls='toggle-id-11' data-slide-speed=\"200\" data-title=\"How can I make a group booking?\" data-title-open=\"\">How can I make a group booking?<span class=\"toggle_icon\"><span class=\"vert_icon\"><\/span><span class=\"hor_icon\"><\/span><\/span><\/p><div id='toggle-id-11' aria-labelledby='toggle-toggle-id-11' role='region' class='toggle_wrap  av-title-above'   itemscope=\"itemscope\" itemprop=\"acceptedAnswer\" itemtype=\"https:\/\/schema.org\/Answer\" ><div class='toggle_content invers-color '  itemprop=\"text\" ><p>If you\u2019re getting a group together to attend the Dawn Service at Gallipoli, you can either make the booking together and pay the deposit on a single card (with the balance paid separately) or you can make individual bookings and notify us that you would like to be accommodated together.<\/p>\n<\/div><\/div><\/div><\/section>\n<\/div><\/div><\/p>\n","protected":false},"excerpt":{"rendered":"","protected":false},"author":2,"featured_media":0,"parent":0,"menu_order":0,"comment_status":"closed","ping_status":"closed","template":"","meta":{"footnotes":""},"class_list":["post-46","page","type-page","status-publish","hentry"],"yoast_head":"<!-- This site is optimized with the Yoast SEO Premium plugin v24.8 (Yoast SEO v27.3) - https:\/\/yoast.com\/product\/yoast-seo-premium-wordpress\/ -->\n<title>FAQs - Anzac Day Tours<\/title>\n<meta name=\"robots\" content=\"index, follow, max-snippet:-1, max-image-preview:large, max-video-preview:-1\" \/>\n<link rel=\"canonical\" href=\"https:\/\/www.anzacday.tours\/en-au\/frequently-asked-questions\/\" \/>\n<meta property=\"og:locale\" content=\"en_US\" \/>\n<meta property=\"og:type\" content=\"article\" \/>\n<meta property=\"og:title\" content=\"FAQs\" \/>\n<meta property=\"og:url\" content=\"https:\/\/www.anzacday.tours\/en-au\/frequently-asked-questions\/\" \/>\n<meta property=\"og:site_name\" content=\"Anzac Day Tours\" \/>\n<meta property=\"article:publisher\" content=\"https:\/\/www.facebook.com\/anzacday.tours\" \/>\n<meta property=\"article:modified_time\" content=\"2025-02-21T12:57:32+00:00\" \/>\n<meta property=\"og:image\" content=\"https:\/\/www.anzacday.tours\/wp-content\/uploads\/ANZAC-Memorial-Wall.jpg\" \/>\n\t<meta property=\"og:image:width\" content=\"2080\" \/>\n\t<meta property=\"og:image:height\" content=\"1170\" \/>\n\t<meta property=\"og:image:type\" content=\"image\/jpeg\" \/>\n<meta name=\"twitter:card\" content=\"summary_large_image\" \/>\n<meta name=\"twitter:label1\" content=\"Est. reading time\" \/>\n\t<meta name=\"twitter:data1\" content=\"13 minutes\" \/>\n<script type=\"application\/ld+json\" class=\"yoast-schema-graph\">{\"@context\":\"https:\\\/\\\/schema.org\",\"@graph\":[{\"@type\":\"WebPage\",\"@id\":\"https:\\\/\\\/www.anzacday.tours\\\/en-au\\\/frequently-asked-questions\\\/\",\"url\":\"https:\\\/\\\/www.anzacday.tours\\\/en-au\\\/frequently-asked-questions\\\/\",\"name\":\"FAQs - Anzac Day Tours\",\"isPartOf\":{\"@id\":\"https:\\\/\\\/www.anzacday.tours\\\/en-au\\\/#website\"},\"datePublished\":\"2024-08-18T11:42:33+00:00\",\"dateModified\":\"2025-02-21T12:57:32+00:00\",\"breadcrumb\":{\"@id\":\"https:\\\/\\\/www.anzacday.tours\\\/en-au\\\/frequently-asked-questions\\\/#breadcrumb\"},\"inLanguage\":\"en-AU\",\"potentialAction\":[{\"@type\":\"ReadAction\",\"target\":[\"https:\\\/\\\/www.anzacday.tours\\\/en-au\\\/frequently-asked-questions\\\/\"]}]},{\"@type\":\"BreadcrumbList\",\"@id\":\"https:\\\/\\\/www.anzacday.tours\\\/en-au\\\/frequently-asked-questions\\\/#breadcrumb\",\"itemListElement\":[{\"@type\":\"ListItem\",\"position\":1,\"name\":\"Home\",\"item\":\"https:\\\/\\\/www.anzacday.tours\\\/en-au\\\/anzac-day-tours-dawn-service-in-gallipoli-turkey\\\/\"},{\"@type\":\"ListItem\",\"position\":2,\"name\":\"FAQs\"}]},{\"@type\":\"WebSite\",\"@id\":\"https:\\\/\\\/www.anzacday.tours\\\/en-au\\\/#website\",\"url\":\"https:\\\/\\\/www.anzacday.tours\\\/en-au\\\/\",\"name\":\"Anzac Day Tours\",\"description\":\"anzacday.tours\",\"publisher\":{\"@id\":\"https:\\\/\\\/www.anzacday.tours\\\/en-au\\\/#organization\"},\"potentialAction\":[{\"@type\":\"SearchAction\",\"target\":{\"@type\":\"EntryPoint\",\"urlTemplate\":\"https:\\\/\\\/www.anzacday.tours\\\/en-au\\\/?s={search_term_string}\"},\"query-input\":{\"@type\":\"PropertyValueSpecification\",\"valueRequired\":true,\"valueName\":\"search_term_string\"}}],\"inLanguage\":\"en-AU\"},{\"@type\":\"Organization\",\"@id\":\"https:\\\/\\\/www.anzacday.tours\\\/en-au\\\/#organization\",\"name\":\"Anzac Day Tours\",\"alternateName\":\"SAILNSTAY\",\"url\":\"https:\\\/\\\/www.anzacday.tours\\\/en-au\\\/\",\"logo\":{\"@type\":\"ImageObject\",\"inLanguage\":\"en-AU\",\"@id\":\"https:\\\/\\\/www.anzacday.tours\\\/en-au\\\/#\\\/schema\\\/logo\\\/image\\\/\",\"url\":\"https:\\\/\\\/www.anzacday.tours\\\/wp-content\\\/uploads\\\/Anzac-Day-Tours-icon.png\",\"contentUrl\":\"https:\\\/\\\/www.anzacday.tours\\\/wp-content\\\/uploads\\\/Anzac-Day-Tours-icon.png\",\"width\":503,\"height\":503,\"caption\":\"Anzac Day Tours\"},\"image\":{\"@id\":\"https:\\\/\\\/www.anzacday.tours\\\/en-au\\\/#\\\/schema\\\/logo\\\/image\\\/\"},\"sameAs\":[\"https:\\\/\\\/www.facebook.com\\\/anzacday.tours\",\"https:\\\/\\\/www.instagram.com\\\/anzacday.tours\"]}]}<\/script>\n<!-- \/ Yoast SEO Premium plugin. -->","yoast_head_json":{"title":"FAQs - Anzac Day Tours","robots":{"index":"index","follow":"follow","max-snippet":"max-snippet:-1","max-image-preview":"max-image-preview:large","max-video-preview":"max-video-preview:-1"},"canonical":"https:\/\/www.anzacday.tours\/en-au\/frequently-asked-questions\/","og_locale":"en_US","og_type":"article","og_title":"FAQs","og_url":"https:\/\/www.anzacday.tours\/en-au\/frequently-asked-questions\/","og_site_name":"Anzac Day Tours","article_publisher":"https:\/\/www.facebook.com\/anzacday.tours","article_modified_time":"2025-02-21T12:57:32+00:00","og_image":[{"width":2080,"height":1170,"url":"https:\/\/www.anzacday.tours\/wp-content\/uploads\/ANZAC-Memorial-Wall.jpg","type":"image\/jpeg"}],"twitter_card":"summary_large_image","twitter_misc":{"Est. reading time":"13 minutes"},"schema":{"@context":"https:\/\/schema.org","@graph":[{"@type":"WebPage","@id":"https:\/\/www.anzacday.tours\/en-au\/frequently-asked-questions\/","url":"https:\/\/www.anzacday.tours\/en-au\/frequently-asked-questions\/","name":"FAQs - Anzac Day Tours","isPartOf":{"@id":"https:\/\/www.anzacday.tours\/en-au\/#website"},"datePublished":"2024-08-18T11:42:33+00:00","dateModified":"2025-02-21T12:57:32+00:00","breadcrumb":{"@id":"https:\/\/www.anzacday.tours\/en-au\/frequently-asked-questions\/#breadcrumb"},"inLanguage":"en-AU","potentialAction":[{"@type":"ReadAction","target":["https:\/\/www.anzacday.tours\/en-au\/frequently-asked-questions\/"]}]},{"@type":"BreadcrumbList","@id":"https:\/\/www.anzacday.tours\/en-au\/frequently-asked-questions\/#breadcrumb","itemListElement":[{"@type":"ListItem","position":1,"name":"Home","item":"https:\/\/www.anzacday.tours\/en-au\/anzac-day-tours-dawn-service-in-gallipoli-turkey\/"},{"@type":"ListItem","position":2,"name":"FAQs"}]},{"@type":"WebSite","@id":"https:\/\/www.anzacday.tours\/en-au\/#website","url":"https:\/\/www.anzacday.tours\/en-au\/","name":"Anzac Day Tours","description":"anzacday.tours","publisher":{"@id":"https:\/\/www.anzacday.tours\/en-au\/#organization"},"potentialAction":[{"@type":"SearchAction","target":{"@type":"EntryPoint","urlTemplate":"https:\/\/www.anzacday.tours\/en-au\/?s={search_term_string}"},"query-input":{"@type":"PropertyValueSpecification","valueRequired":true,"valueName":"search_term_string"}}],"inLanguage":"en-AU"},{"@type":"Organization","@id":"https:\/\/www.anzacday.tours\/en-au\/#organization","name":"Anzac Day Tours","alternateName":"SAILNSTAY","url":"https:\/\/www.anzacday.tours\/en-au\/","logo":{"@type":"ImageObject","inLanguage":"en-AU","@id":"https:\/\/www.anzacday.tours\/en-au\/#\/schema\/logo\/image\/","url":"https:\/\/www.anzacday.tours\/wp-content\/uploads\/Anzac-Day-Tours-icon.png","contentUrl":"https:\/\/www.anzacday.tours\/wp-content\/uploads\/Anzac-Day-Tours-icon.png","width":503,"height":503,"caption":"Anzac Day Tours"},"image":{"@id":"https:\/\/www.anzacday.tours\/en-au\/#\/schema\/logo\/image\/"},"sameAs":["https:\/\/www.facebook.com\/anzacday.tours","https:\/\/www.instagram.com\/anzacday.tours"]}]}},"_links":{"self":[{"href":"https:\/\/www.anzacday.tours\/en-au\/wp-json\/wp\/v2\/pages\/46","targetHints":{"allow":["GET"]}}],"collection":[{"href":"https:\/\/www.anzacday.tours\/en-au\/wp-json\/wp\/v2\/pages"}],"about":[{"href":"https:\/\/www.anzacday.tours\/en-au\/wp-json\/wp\/v2\/types\/page"}],"author":[{"embeddable":true,"href":"https:\/\/www.anzacday.tours\/en-au\/wp-json\/wp\/v2\/users\/2"}],"replies":[{"embeddable":true,"href":"https:\/\/www.anzacday.tours\/en-au\/wp-json\/wp\/v2\/comments?post=46"}],"version-history":[{"count":0,"href":"https:\/\/www.anzacday.tours\/en-au\/wp-json\/wp\/v2\/pages\/46\/revisions"}],"wp:attachment":[{"href":"https:\/\/www.anzacday.tours\/en-au\/wp-json\/wp\/v2\/media?parent=46"}],"curies":[{"name":"wp","href":"https:\/\/api.w.org\/{rel}","templated":true}]}}